{"id":2,"date":"2015-06-15T14:49:29","date_gmt":"2015-06-15T14:49:29","guid":{"rendered":"http:\/\/www.nics-media.it\/?page_id=2"},"modified":"2023-01-24T14:58:03","modified_gmt":"2023-01-24T14:58:03","slug":"startseite","status":"publish","type":"page","link":"https:\/\/www.nics-media.it\/de\/","title":{"rendered":"Stefan Nicolini"},"content":{"rendered":"<h2>Bio<\/h2>\n<p><img loading=\"lazy\" decoding=\"async\" class=\" wp-image-21 alignright\" src=\"http:\/\/www.nics-media.it\/wp-content\/uploads\/2015\/06\/nuance.april-151-300x200.jpeg\" alt=\"nuance.april-151\" width=\"390\" height=\"260\" srcset=\"https:\/\/www.nics-media.it\/wp-content\/uploads\/2015\/06\/nuance.april-151-300x200.jpeg 300w, https:\/\/www.nics-media.it\/wp-content\/uploads\/2015\/06\/nuance.april-151-1024x682.jpeg 1024w, https:\/\/www.nics-media.it\/wp-content\/uploads\/2015\/06\/nuance.april-151-200x133.jpeg 200w\" sizes=\"(max-width: 390px) 100vw, 390px\" \/>Stefan Nicolini, geboren 1966, Studium der Geschichte und Theaterwissenschaft in Wien, freischaffender Journalist, Produzent, Referent. Moderator. Seit 1994 Mitarbeiter und Redakteur verschiedener Medien im In- und Ausland (u.a. ORF, RAI, Kurier, Der Standard, Neue S\u00fcdtiroler Tageszeitung, FF &#8211; S\u00fcdtiroler Wochenzeitung, Alto Adige). Von 1998 bis 2000 Leiter der Presse- und \u00d6ffentlichkeitsarbeit der Vereinigten B\u00fchnen Bozen im Neuen Stadttheater. Von 2003 bis 2014 Leiter der Presseabteilung im Raiffeisenverband S\u00fcdtirol, Chefredakteur verschiedener Zeitschriften. Referent in Workshops und Seminaren. 2015 Gr\u00fcnder der Produktionsfirma nics media.<\/p>\n<div class=\"clear\"><\/div>\n<h2>Referenzen<\/h2>\n<div id='gallery-1' class='gallery galleryid-2 gallery-columns-4 gallery-size-logo-thumb'><figure class='gallery-item'>\n\t\t\t<div class='gallery-icon landscape'>\n\t\t\t\t<img loading=\"lazy\" decoding=\"async\" width=\"200\" height=\"61\" src=\"https:\/\/www.nics-media.it\/wp-content\/uploads\/2015\/06\/orf1-200x61.png\" class=\"attachment-logo-thumb size-logo-thumb\" alt=\"\" srcset=\"https:\/\/www.nics-media.it\/wp-content\/uploads\/2015\/06\/orf1-200x61.png 200w, https:\/\/www.nics-media.it\/wp-content\/uploads\/2015\/06\/orf1-300x91.png 300w, https:\/\/www.nics-media.it\/wp-content\/uploads\/2015\/06\/orf1.png 500w\" sizes=\"(max-width: 200px) 100vw, 200px\" data-copyright=\"\" data-headline=\"orf\" data-description=\"\" \/>\n\t\t\t<\/div><\/figure><figure class='gallery-item'>\n\t\t\t<div class='gallery-icon landscape'>\n\t\t\t\t<img loading=\"lazy\" decoding=\"async\" width=\"200\" height=\"158\" src=\"https:\/\/www.nics-media.it\/wp-content\/uploads\/2023\/01\/br_dachmarke-200x158.png\" class=\"attachment-logo-thumb size-logo-thumb\" alt=\"\" srcset=\"https:\/\/www.nics-media.it\/wp-content\/uploads\/2023\/01\/br_dachmarke-200x158.png 200w, https:\/\/www.nics-media.it\/wp-content\/uploads\/2023\/01\/br_dachmarke-300x237.png 300w, https:\/\/www.nics-media.it\/wp-content\/uploads\/2023\/01\/br_dachmarke.png 462w\" sizes=\"(max-width: 200px) 100vw, 200px\" data-copyright=\"\" data-headline=\"br_dachmarke\" data-description=\"\" \/>\n\t\t\t<\/div><\/figure><figure class='gallery-item'>\n\t\t\t<div class='gallery-icon landscape'>\n\t\t\t\t<img loading=\"lazy\" decoding=\"async\" width=\"200\" height=\"61\" src=\"https:\/\/www.nics-media.it\/wp-content\/uploads\/2015\/06\/Rai_S\u00fcdtirol.png\" class=\"attachment-logo-thumb size-logo-thumb\" alt=\"\" data-copyright=\"\" data-headline=\"Rai_S\u00fcdtirol\" data-description=\"\" \/>\n\t\t\t<\/div><\/figure><figure class='gallery-item'>\n\t\t\t<div class='gallery-icon landscape'>\n\t\t\t\t<img loading=\"lazy\" decoding=\"async\" width=\"200\" height=\"51\" src=\"https:\/\/www.nics-media.it\/wp-content\/uploads\/2023\/01\/rai-alto-adige-200x51.png\" class=\"attachment-logo-thumb size-logo-thumb\" alt=\"\" srcset=\"https:\/\/www.nics-media.it\/wp-content\/uploads\/2023\/01\/rai-alto-adige-200x51.png 200w, https:\/\/www.nics-media.it\/wp-content\/uploads\/2023\/01\/rai-alto-adige-300x76.png 300w, https:\/\/www.nics-media.it\/wp-content\/uploads\/2023\/01\/rai-alto-adige.png 446w\" sizes=\"(max-width: 200px) 100vw, 200px\" data-copyright=\"\" data-headline=\"rai-alto-adige\" data-description=\"\" \/>\n\t\t\t<\/div><\/figure><figure class='gallery-item'>\n\t\t\t<div class='gallery-icon landscape'>\n\t\t\t\t<img loading=\"lazy\" decoding=\"async\" width=\"200\" height=\"42\" src=\"https:\/\/www.nics-media.it\/wp-content\/uploads\/2015\/06\/Raiffeisenverband_S\u00fcdtirol_logo.svg_.png\" class=\"attachment-logo-thumb size-logo-thumb\" alt=\"\" data-copyright=\"\" data-headline=\"Raiffeisenverband_S\u00fcdtirol_logo.svg\" data-description=\"\" \/>\n\t\t\t<\/div><\/figure><figure class='gallery-item'>\n\t\t\t<div class='gallery-icon landscape'>\n\t\t\t\t<img loading=\"lazy\" decoding=\"async\" width=\"200\" height=\"47\" src=\"https:\/\/www.nics-media.it\/wp-content\/uploads\/2015\/06\/RKWIPP_Logo_claim_DT_4c-e1435236708555-200x47.jpg\" class=\"attachment-logo-thumb size-logo-thumb\" alt=\"\" srcset=\"https:\/\/www.nics-media.it\/wp-content\/uploads\/2015\/06\/RKWIPP_Logo_claim_DT_4c-e1435236708555-200x47.jpg 200w, https:\/\/www.nics-media.it\/wp-content\/uploads\/2015\/06\/RKWIPP_Logo_claim_DT_4c-e1435236708555-300x70.jpg 300w, https:\/\/www.nics-media.it\/wp-content\/uploads\/2015\/06\/RKWIPP_Logo_claim_DT_4c-e1435236708555-1024x240.jpg 1024w, https:\/\/www.nics-media.it\/wp-content\/uploads\/2015\/06\/RKWIPP_Logo_claim_DT_4c-e1435236708555.jpg 1140w\" sizes=\"(max-width: 200px) 100vw, 200px\" data-copyright=\"\" data-headline=\"RKWIPP_Logo_claim_DT_4c\" data-description=\"\" \/>\n\t\t\t<\/div><\/figure><figure class='gallery-item'>\n\t\t\t<div class='gallery-icon portrait'>\n\t\t\t\t<img loading=\"lazy\" decoding=\"async\" width=\"200\" height=\"242\" src=\"https:\/\/www.nics-media.it\/wp-content\/uploads\/2015\/06\/S\u00fcdtiroler-Landesregierung.png\" class=\"attachment-logo-thumb size-logo-thumb\" alt=\"\" data-copyright=\"\" data-headline=\"S\u00fcdtiroler Landesregierung\" data-description=\"\" \/>\n\t\t\t<\/div><\/figure><figure class='gallery-item'>\n\t\t\t<div class='gallery-icon portrait'>\n\t\t\t\t<img loading=\"lazy\" decoding=\"async\" width=\"200\" height=\"238\" src=\"https:\/\/www.nics-media.it\/wp-content\/uploads\/2015\/06\/Tiroler-Landesregierung-200x238.jpg\" class=\"attachment-logo-thumb size-logo-thumb\" alt=\"\" srcset=\"https:\/\/www.nics-media.it\/wp-content\/uploads\/2015\/06\/Tiroler-Landesregierung-200x238.jpg 200w, https:\/\/www.nics-media.it\/wp-content\/uploads\/2015\/06\/Tiroler-Landesregierung-253x300.jpg 253w, https:\/\/www.nics-media.it\/wp-content\/uploads\/2015\/06\/Tiroler-Landesregierung.jpg 325w\" sizes=\"(max-width: 200px) 100vw, 200px\" data-copyright=\"\" data-headline=\"Tiroler Landesregierung\" data-description=\"\" \/>\n\t\t\t<\/div><\/figure><figure class='gallery-item'>\n\t\t\t<div class='gallery-icon portrait'>\n\t\t\t\t<img loading=\"lazy\" decoding=\"async\" width=\"200\" height=\"311\" src=\"https:\/\/www.nics-media.it\/wp-content\/uploads\/2015\/06\/Trentino_CoA.svg_.png\" class=\"attachment-logo-thumb size-logo-thumb\" alt=\"\" data-copyright=\"\" data-headline=\"Trentino_CoA.svg\" data-description=\"\" \/>\n\t\t\t<\/div><\/figure><figure class='gallery-item'>\n\t\t\t<div class='gallery-icon landscape'>\n\t\t\t\t<img loading=\"lazy\" decoding=\"async\" width=\"200\" height=\"72\" src=\"https:\/\/www.nics-media.it\/wp-content\/uploads\/2015\/06\/logo_bozen2-200x72.jpg\" class=\"attachment-logo-thumb size-logo-thumb\" alt=\"\" srcset=\"https:\/\/www.nics-media.it\/wp-content\/uploads\/2015\/06\/logo_bozen2-200x72.jpg 200w, https:\/\/www.nics-media.it\/wp-content\/uploads\/2015\/06\/logo_bozen2.jpg 267w\" sizes=\"(max-width: 200px) 100vw, 200px\" data-copyright=\"\" data-headline=\"logo_bozen2\" data-description=\"\" \/>\n\t\t\t<\/div><\/figure><figure class='gallery-item'>\n\t\t\t<div class='gallery-icon landscape'>\n\t\t\t\t<img loading=\"lazy\" decoding=\"async\" width=\"200\" height=\"79\" src=\"https:\/\/www.nics-media.it\/wp-content\/uploads\/2023\/01\/universitaet-innsbruck-200x79.png\" class=\"attachment-logo-thumb size-logo-thumb\" alt=\"\" srcset=\"https:\/\/www.nics-media.it\/wp-content\/uploads\/2023\/01\/universitaet-innsbruck-200x79.png 200w, https:\/\/www.nics-media.it\/wp-content\/uploads\/2023\/01\/universitaet-innsbruck-300x118.png 300w, https:\/\/www.nics-media.it\/wp-content\/uploads\/2023\/01\/universitaet-innsbruck.png 358w\" sizes=\"(max-width: 200px) 100vw, 200px\" data-copyright=\"\" data-headline=\"universitaet-innsbruck\" data-description=\"\" \/>\n\t\t\t<\/div><\/figure><figure class='gallery-item'>\n\t\t\t<div class='gallery-icon landscape'>\n\t\t\t\t<img loading=\"lazy\" decoding=\"async\" width=\"200\" height=\"200\" src=\"https:\/\/www.nics-media.it\/wp-content\/uploads\/2015\/06\/Logo-MM-DT-2015.png\" class=\"attachment-logo-thumb size-logo-thumb\" alt=\"\" data-copyright=\"\" data-headline=\"Logo-MM-DT-2015\" data-description=\"\" \/>\n\t\t\t<\/div><\/figure><figure class='gallery-item'>\n\t\t\t<div class='gallery-icon landscape'>\n\t\t\t\t<img loading=\"lazy\" decoding=\"async\" width=\"193\" height=\"109\" src=\"https:\/\/www.nics-media.it\/wp-content\/uploads\/2015\/06\/kunst-meran.png\" class=\"attachment-logo-thumb size-logo-thumb\" alt=\"\" data-copyright=\"\" data-headline=\"kunst-meran\" data-description=\"\" \/>\n\t\t\t<\/div><\/figure><figure class='gallery-item'>\n\t\t\t<div class='gallery-icon landscape'>\n\t\t\t\t<img loading=\"lazy\" decoding=\"async\" width=\"200\" height=\"38\" src=\"https:\/\/www.nics-media.it\/wp-content\/uploads\/2015\/06\/logo2.png\" class=\"attachment-logo-thumb size-logo-thumb\" alt=\"\" data-copyright=\"\" data-headline=\"logo\" data-description=\"\" \/>\n\t\t\t<\/div><\/figure><figure class='gallery-item'>\n\t\t\t<div class='gallery-icon landscape'>\n\t\t\t\t<img loading=\"lazy\" decoding=\"async\" width=\"200\" height=\"115\" src=\"https:\/\/www.nics-media.it\/wp-content\/uploads\/2015\/06\/1181201275mahlerMusikwochen-200x115.jpg\" class=\"attachment-logo-thumb size-logo-thumb\" alt=\"\" srcset=\"https:\/\/www.nics-media.it\/wp-content\/uploads\/2015\/06\/1181201275mahlerMusikwochen-200x115.jpg 200w, https:\/\/www.nics-media.it\/wp-content\/uploads\/2015\/06\/1181201275mahlerMusikwochen-300x173.jpg 300w, https:\/\/www.nics-media.it\/wp-content\/uploads\/2015\/06\/1181201275mahlerMusikwochen.jpg 754w\" sizes=\"(max-width: 200px) 100vw, 200px\" data-copyright=\"\" data-headline=\"1181201275mahlerMusikwochen\" data-description=\"\" \/>\n\t\t\t<\/div><\/figure><figure class='gallery-item'>\n\t\t\t<div class='gallery-icon landscape'>\n\t\t\t\t<img loading=\"lazy\" decoding=\"async\" width=\"200\" height=\"200\" src=\"https:\/\/www.nics-media.it\/wp-content\/uploads\/2023\/01\/eurac-research-200x200.png\" class=\"attachment-logo-thumb size-logo-thumb\" alt=\"\" srcset=\"https:\/\/www.nics-media.it\/wp-content\/uploads\/2023\/01\/eurac-research-200x200.png 200w, https:\/\/www.nics-media.it\/wp-content\/uploads\/2023\/01\/eurac-research-150x150.png 150w, https:\/\/www.nics-media.it\/wp-content\/uploads\/2023\/01\/eurac-research.png 225w\" sizes=\"(max-width: 200px) 100vw, 200px\" data-copyright=\"\" data-headline=\"eurac-research\" data-description=\"\" \/>\n\t\t\t<\/div><\/figure><figure class='gallery-item'>\n\t\t\t<div class='gallery-icon landscape'>\n\t\t\t\t<img loading=\"lazy\" decoding=\"async\" width=\"200\" height=\"56\" src=\"https:\/\/www.nics-media.it\/wp-content\/uploads\/2023\/01\/frauenhofer-italia-200x56.png\" class=\"attachment-logo-thumb size-logo-thumb\" alt=\"\" srcset=\"https:\/\/www.nics-media.it\/wp-content\/uploads\/2023\/01\/frauenhofer-italia-200x56.png 200w, https:\/\/www.nics-media.it\/wp-content\/uploads\/2023\/01\/frauenhofer-italia-300x85.png 300w, https:\/\/www.nics-media.it\/wp-content\/uploads\/2023\/01\/frauenhofer-italia.png 422w\" sizes=\"(max-width: 200px) 100vw, 200px\" data-copyright=\"\" data-headline=\"frauenhofer-italia\" data-description=\"\" \/>\n\t\t\t<\/div><\/figure><figure class='gallery-item'>\n\t\t\t<div class='gallery-icon landscape'>\n\t\t\t\t<img loading=\"lazy\" decoding=\"async\" width=\"200\" height=\"66\" src=\"https:\/\/www.nics-media.it\/wp-content\/uploads\/2023\/01\/laimburg-200x66.png\" class=\"attachment-logo-thumb size-logo-thumb\" alt=\"\" srcset=\"https:\/\/www.nics-media.it\/wp-content\/uploads\/2023\/01\/laimburg-200x66.png 200w, https:\/\/www.nics-media.it\/wp-content\/uploads\/2023\/01\/laimburg-300x99.png 300w, https:\/\/www.nics-media.it\/wp-content\/uploads\/2023\/01\/laimburg.png 390w\" sizes=\"(max-width: 200px) 100vw, 200px\" data-copyright=\"\" data-headline=\"laimburg\" data-description=\"\" \/>\n\t\t\t<\/div><\/figure><figure class='gallery-item'>\n\t\t\t<div class='gallery-icon landscape'>\n\t\t\t\t<img loading=\"lazy\" decoding=\"async\" width=\"200\" height=\"93\" src=\"https:\/\/www.nics-media.it\/wp-content\/uploads\/2023\/01\/dr-schaer-200x93.png\" class=\"attachment-logo-thumb size-logo-thumb\" alt=\"\" srcset=\"https:\/\/www.nics-media.it\/wp-content\/uploads\/2023\/01\/dr-schaer-200x93.png 200w, https:\/\/www.nics-media.it\/wp-content\/uploads\/2023\/01\/dr-schaer.png 244w\" sizes=\"(max-width: 200px) 100vw, 200px\" data-copyright=\"\" data-headline=\"dr-schaer\" data-description=\"\" \/>\n\t\t\t<\/div><\/figure>\n\t\t<\/div>\n\n","protected":false},"excerpt":{"rendered":"<p>Bio Stefan Nicolini, geboren 1966, Studium der Geschichte und Theaterwissenschaft in Wien, freischaffender Journalist, Produzent, Referent. Moderator. Seit 1994 Mitarbeiter und Redakteur verschiedener Medien im In- und Ausland (u.a. ORF, RAI, Kurier, Der Standard, Neue S\u00fcdtiroler Tageszeitung, FF &#8211; S\u00fcdtiroler Wochenzeitung, Alto Adige). Von 1998 bis 2000 Leiter der Presse- und \u00d6ffentlichkeitsarbeit der Vereinigten B\u00fchnen [&hellip;]<\/p>\n","protected":false},"author":1,"featured_media":21,"parent":0,"menu_order":0,"comment_status":"open","ping_status":"closed","template":"page-frontpage.php","meta":{"_acf_changed":false,"footnotes":""},"acf":[],"_links":{"self":[{"href":"https:\/\/www.nics-media.it\/de\/wp-json\/wp\/v2\/pages\/2"}],"collection":[{"href":"https:\/\/www.nics-media.it\/de\/wp-json\/wp\/v2\/pages"}],"about":[{"href":"https:\/\/www.nics-media.it\/de\/wp-json\/wp\/v2\/types\/page"}],"author":[{"embeddable":true,"href":"https:\/\/www.nics-media.it\/de\/wp-json\/wp\/v2\/users\/1"}],"replies":[{"embeddable":true,"href":"https:\/\/www.nics-media.it\/de\/wp-json\/wp\/v2\/comments?post=2"}],"version-history":[{"count":11,"href":"https:\/\/www.nics-media.it\/de\/wp-json\/wp\/v2\/pages\/2\/revisions"}],"predecessor-version":[{"id":407,"href":"https:\/\/www.nics-media.it\/de\/wp-json\/wp\/v2\/pages\/2\/revisions\/407"}],"wp:featuredmedia":[{"embeddable":true,"href":"https:\/\/www.nics-media.it\/de\/wp-json\/wp\/v2\/media\/21"}],"wp:attachment":[{"href":"https:\/\/www.nics-media.it\/de\/wp-json\/wp\/v2\/media?parent=2"}],"curies":[{"name":"wp","href":"https:\/\/api.w.org\/{rel}","templated":true}]}}